{"id":2,"date":"2016-05-10T03:48:21","date_gmt":"2016-05-10T03:48:21","guid":{"rendered":"https:\/\/feel-good-fitness.de\/?page_id=2"},"modified":"2020-03-24T17:46:27","modified_gmt":"2020-03-24T16:46:27","slug":"sample-page","status":"publish","type":"page","link":"https:\/\/feel-good-fitness.de\/","title":{"rendered":"Herzlich willkomen auf meiner Webseite!"},"content":{"rendered":"<p>Mit meinen Veranstaltungen, Vortr\u00e4gen zu verschiedenen Themen und R\u00e4ucherabenden, m\u00f6chte ich Anregungen an interessierte Menschen weitergeben.<br \/>\n<img loading=\"lazy\" decoding=\"async\" class=\"alignnone size-medium wp-image-5\" src=\"https:\/\/feel-good-fitness.de\/wp-content\/uploads\/2020\/03\/Angela_Graf_Slide_2-300x183.jpg\" alt=\"\" width=\"300\" height=\"183\" srcset=\"https:\/\/feel-good-fitness.de\/wp-content\/uploads\/2020\/03\/Angela_Graf_Slide_2-300x183.jpg 300w, https:\/\/feel-good-fitness.de\/wp-content\/uploads\/2020\/03\/Angela_Graf_Slide_2.jpg 655w\" sizes=\"(max-width: 300px) 100vw, 300px\" \/><br \/>\nVielen Dank f\u00fcr Ihr Interesse &#8211; Angela Graf<\/p>\n","protected":false},"excerpt":{"rendered":"<p>Mit meinen Veranstaltungen, Vortr\u00e4gen zu verschiedenen Themen und R\u00e4ucherabenden, m\u00f6chte ich Anregungen an interessierte Menschen weitergeben. Vielen Dank f\u00fcr Ihr Interesse &#8211; Angela Graf<\/p>\n","protected":false},"author":1,"featured_media":0,"parent":0,"menu_order":0,"comment_status":"closed","ping_status":"open","template":"","meta":{"footnotes":""},"class_list":["post-2","page","type-page","status-publish","hentry"],"_links":{"self":[{"href":"https:\/\/feel-good-fitness.de\/index.php?rest_route=\/wp\/v2\/pages\/2"}],"collection":[{"href":"https:\/\/feel-good-fitness.de\/index.php?rest_route=\/wp\/v2\/pages"}],"about":[{"href":"https:\/\/feel-good-fitness.de\/index.php?rest_route=\/wp\/v2\/types\/page"}],"author":[{"embeddable":true,"href":"https:\/\/feel-good-fitness.de\/index.php?rest_route=\/wp\/v2\/users\/1"}],"replies":[{"embeddable":true,"href":"https:\/\/feel-good-fitness.de\/index.php?rest_route=%2Fwp%2Fv2%2Fcomments&post=2"}],"version-history":[{"count":1,"href":"https:\/\/feel-good-fitness.de\/index.php?rest_route=\/wp\/v2\/pages\/2\/revisions"}],"predecessor-version":[{"id":14,"href":"https:\/\/feel-good-fitness.de\/index.php?rest_route=\/wp\/v2\/pages\/2\/revisions\/14"}],"wp:attachment":[{"href":"https:\/\/feel-good-fitness.de\/index.php?rest_route=%2Fwp%2Fv2%2Fmedia&parent=2"}],"curies":[{"name":"wp","href":"https:\/\/api.w.org\/{rel}","templated":true}]}}