{"id":25,"date":"2020-03-25T08:36:32","date_gmt":"2020-03-25T07:36:32","guid":{"rendered":"https:\/\/feel-good-fitness.de\/?page_id=25"},"modified":"2020-03-25T08:36:32","modified_gmt":"2020-03-25T07:36:32","slug":"fitness","status":"publish","type":"page","link":"https:\/\/feel-good-fitness.de\/?page_id=25","title":{"rendered":"Fitness"},"content":{"rendered":"\n<p>Fitnesstraining ist aus dem Leben vieler Menschen nicht mehr wegzudenken. Richtig ausgef\u00fchrt verbessert es die k\u00f6rperliche Leistungsf\u00e4higkeit und<\/p>\n\n\n\n<p>dient dem Erhalt der Gesundheit. Zu einem ausgewogenen Training geh\u00f6ren u.a. folgende Bereiche:<\/p>\n\n\n\n<p>Ausdauertraining, Krafttraining, Koordinationstraining und Beweglichkeitstraining.<\/p>\n\n\n\n<p>Ein Personaltraining ist die beste M\u00f6glichkeit um auf individuelle Ziele einzugehen.<\/p>\n","protected":false},"excerpt":{"rendered":"<p>Fitnesstraining ist aus dem Leben vieler Menschen nicht mehr wegzudenken. Richtig ausgef\u00fchrt verbessert es die k\u00f6rperliche Leistungsf\u00e4higkeit und dient dem Erhalt der Gesundheit. Zu einem ausgewogenen Training geh\u00f6ren u.a. folgende Bereiche: Ausdauertraining, Krafttraining, Koordinationstraining und Beweglichkeitstraining. Ein Personaltraining ist die beste M\u00f6glichkeit um auf individuelle Ziele einzugehen.<\/p>\n","protected":false},"author":1,"featured_media":0,"parent":0,"menu_order":0,"comment_status":"closed","ping_status":"closed","template":"","meta":{"footnotes":""},"class_list":["post-25","page","type-page","status-publish","hentry"],"_links":{"self":[{"href":"https:\/\/feel-good-fitness.de\/index.php?rest_route=\/wp\/v2\/pages\/25"}],"collection":[{"href":"https:\/\/feel-good-fitness.de\/index.php?rest_route=\/wp\/v2\/pages"}],"about":[{"href":"https:\/\/feel-good-fitness.de\/index.php?rest_route=\/wp\/v2\/types\/page"}],"author":[{"embeddable":true,"href":"https:\/\/feel-good-fitness.de\/index.php?rest_route=\/wp\/v2\/users\/1"}],"replies":[{"embeddable":true,"href":"https:\/\/feel-good-fitness.de\/index.php?rest_route=%2Fwp%2Fv2%2Fcomments&post=25"}],"version-history":[{"count":1,"href":"https:\/\/feel-good-fitness.de\/index.php?rest_route=\/wp\/v2\/pages\/25\/revisions"}],"predecessor-version":[{"id":26,"href":"https:\/\/feel-good-fitness.de\/index.php?rest_route=\/wp\/v2\/pages\/25\/revisions\/26"}],"wp:attachment":[{"href":"https:\/\/feel-good-fitness.de\/index.php?rest_route=%2Fwp%2Fv2%2Fmedia&parent=25"}],"curies":[{"name":"wp","href":"https:\/\/api.w.org\/{rel}","templated":true}]}}