{"id":33,"date":"2020-03-25T08:39:35","date_gmt":"2020-03-25T07:39:35","guid":{"rendered":"https:\/\/feel-good-fitness.de\/?page_id=33"},"modified":"2020-03-25T20:42:42","modified_gmt":"2020-03-25T19:42:42","slug":"yoga","status":"publish","type":"page","link":"https:\/\/feel-good-fitness.de\/?page_id=33","title":{"rendered":"Yoga"},"content":{"rendered":"\n<p>K\u00f6rper und Seele im Einklang &#8211; Zu innerer Ruhe und Gelassenheit finden und dabei k\u00f6rperlich und geistig beweglicher werden, dass ist das, was Yoga leisten kann.<\/p>\n\n\n\n<p>Yoga ist f\u00fcr alle Menschen geeignet. Alles was man braucht ist eine positive Einstellung, Ausdauer, Mut, einen positiven Lebenswandel und Vertrauen.<br> Sie finden mich an folgenden Orten:<br> \u2022 Vitalis (Trittau)<br> \u2022 Labenz (auf Anfrage)<\/p>\n","protected":false},"excerpt":{"rendered":"<p>K\u00f6rper und Seele im Einklang &#8211; Zu innerer Ruhe und Gelassenheit finden und dabei k\u00f6rperlich und geistig beweglicher werden, dass ist das, was Yoga leisten kann. Yoga ist f\u00fcr alle Menschen geeignet. Alles was man braucht ist eine positive Einstellung, Ausdauer, Mut, einen positiven Lebenswandel und Vertrauen. Sie finden mich [&hellip;]<\/p>\n","protected":false},"author":1,"featured_media":0,"parent":0,"menu_order":0,"comment_status":"closed","ping_status":"closed","template":"","meta":{"footnotes":""},"class_list":["post-33","page","type-page","status-publish","hentry"],"_links":{"self":[{"href":"https:\/\/feel-good-fitness.de\/index.php?rest_route=\/wp\/v2\/pages\/33"}],"collection":[{"href":"https:\/\/feel-good-fitness.de\/index.php?rest_route=\/wp\/v2\/pages"}],"about":[{"href":"https:\/\/feel-good-fitness.de\/index.php?rest_route=\/wp\/v2\/types\/page"}],"author":[{"embeddable":true,"href":"https:\/\/feel-good-fitness.de\/index.php?rest_route=\/wp\/v2\/users\/1"}],"replies":[{"embeddable":true,"href":"https:\/\/feel-good-fitness.de\/index.php?rest_route=%2Fwp%2Fv2%2Fcomments&post=33"}],"version-history":[{"count":4,"href":"https:\/\/feel-good-fitness.de\/index.php?rest_route=\/wp\/v2\/pages\/33\/revisions"}],"predecessor-version":[{"id":61,"href":"https:\/\/feel-good-fitness.de\/index.php?rest_route=\/wp\/v2\/pages\/33\/revisions\/61"}],"wp:attachment":[{"href":"https:\/\/feel-good-fitness.de\/index.php?rest_route=%2Fwp%2Fv2%2Fmedia&parent=33"}],"curies":[{"name":"wp","href":"https:\/\/api.w.org\/{rel}","templated":true}]}}