{"id":35,"date":"2020-03-25T08:40:02","date_gmt":"2020-03-25T07:40:02","guid":{"rendered":"https:\/\/feel-good-fitness.de\/?page_id=35"},"modified":"2020-03-25T08:40:02","modified_gmt":"2020-03-25T07:40:02","slug":"inspiration","status":"publish","type":"page","link":"https:\/\/feel-good-fitness.de\/?page_id=35","title":{"rendered":"Inspiration"},"content":{"rendered":"\n<p>Der Begriff &#8222;Inspiration&#8220;, lat. inspiratio, bedeutet Eingebung, Erleuchtung, Beseelung.<\/p>\n\n\n\n<p>Sucht man nach Synonymen f\u00fcr das Wort, finden sich weitere Beschreibungen wie z.Bsp.: Einfall, pl\u00f6tzlicher Gedanke, Idee, Intuition, pl\u00f6tzliche Erkenntis.<\/p>\n\n\n\n<p>Auch f\u00fcr das Verb &#8222;inspirieren&#8220; gibt es wunderbar passende Wortbeschreibungen: begeistern,aktivieren,anregen,anspornen,ermuntern,motivieren,<\/p>\n\n\n\n<p>stimulieren, befl\u00fcgeln\u2026um nur einige zu nennen.<\/p>\n","protected":false},"excerpt":{"rendered":"<p>Der Begriff &#8222;Inspiration&#8220;, lat. inspiratio, bedeutet Eingebung, Erleuchtung, Beseelung. Sucht man nach Synonymen f\u00fcr das Wort, finden sich weitere Beschreibungen wie z.Bsp.: Einfall, pl\u00f6tzlicher Gedanke, Idee, Intuition, pl\u00f6tzliche Erkenntis. Auch f\u00fcr das Verb &#8222;inspirieren&#8220; gibt es wunderbar passende Wortbeschreibungen: begeistern,aktivieren,anregen,anspornen,ermuntern,motivieren, stimulieren, befl\u00fcgeln\u2026um nur einige zu nennen.<\/p>\n","protected":false},"author":1,"featured_media":0,"parent":0,"menu_order":0,"comment_status":"closed","ping_status":"closed","template":"","meta":{"footnotes":""},"class_list":["post-35","page","type-page","status-publish","hentry"],"_links":{"self":[{"href":"https:\/\/feel-good-fitness.de\/index.php?rest_route=\/wp\/v2\/pages\/35"}],"collection":[{"href":"https:\/\/feel-good-fitness.de\/index.php?rest_route=\/wp\/v2\/pages"}],"about":[{"href":"https:\/\/feel-good-fitness.de\/index.php?rest_route=\/wp\/v2\/types\/page"}],"author":[{"embeddable":true,"href":"https:\/\/feel-good-fitness.de\/index.php?rest_route=\/wp\/v2\/users\/1"}],"replies":[{"embeddable":true,"href":"https:\/\/feel-good-fitness.de\/index.php?rest_route=%2Fwp%2Fv2%2Fcomments&post=35"}],"version-history":[{"count":1,"href":"https:\/\/feel-good-fitness.de\/index.php?rest_route=\/wp\/v2\/pages\/35\/revisions"}],"predecessor-version":[{"id":36,"href":"https:\/\/feel-good-fitness.de\/index.php?rest_route=\/wp\/v2\/pages\/35\/revisions\/36"}],"wp:attachment":[{"href":"https:\/\/feel-good-fitness.de\/index.php?rest_route=%2Fwp%2Fv2%2Fmedia&parent=35"}],"curies":[{"name":"wp","href":"https:\/\/api.w.org\/{rel}","templated":true}]}}